{"id":2091,"date":"2022-05-17T19:35:41","date_gmt":"2022-05-17T17:35:41","guid":{"rendered":"https:\/\/www.joroverde.com\/?page_id=2091"},"modified":"2023-10-06T11:43:33","modified_gmt":"2023-10-06T09:43:33","slug":"jorotwine","status":"publish","type":"page","link":"https:\/\/www.joroverde.com\/en\/jorotwine\/","title":{"rendered":"JoroTwine"},"content":{"rendered":"<p>[et_pb_section fb_built=&#8220;1&#8243; _builder_version=&#8220;4.6.1&#8243; _module_preset=&#8220;default&#8220; background_color=&#8220;#019541&#8243; use_background_color_gradient=&#8220;on&#8220; background_color_gradient_start=&#8220;#249355&#8243; background_color_gradient_end=&#8220;#ffffff&#8220; min_height=&#8220;350px&#8220; custom_padding=&#8220;11px||0px|||&#8220;][et_pb_row column_structure=&#8220;1_2,1_2&#8243; _builder_version=&#8220;4.6.1&#8243; _module_preset=&#8220;default&#8220; min_height=&#8220;42px&#8220;][et_pb_column type=&#8220;1_2&#8243; _builder_version=&#8220;4.6.1&#8243; _module_preset=&#8220;default&#8220;][et_pb_text _builder_version=&#8220;4.6.1&#8243; _module_preset=&#8220;default&#8220; header_font=&#8220;||||||||&#8220; header_text_color=&#8220;#ffffff&#8220; header_font_size=&#8220;40px&#8220; header_2_text_color=&#8220;#ffffff&#8220; header_2_font_size=&#8220;30px&#8220; header_2_line_height=&#8220;1.5em&#8220; min_height=&#8220;3px&#8220;]<\/p>\n<h1>JoroTwine<\/h1>\n<h2>biodegradable alternatives for agriculture by JoroVerde<\/h2>\n<p>[\/et_pb_text][\/et_pb_column][et_pb_column type=&#8220;1_2&#8243; _builder_version=&#8220;4.6.1&#8243; _module_preset=&#8220;default&#8220;][et_pb_image src=&#8220;https:\/\/www.joroverde.com\/wp-content\/uploads\/2021\/02\/TUeV-Zertifikat-kleiner.jpg&#8220; title_text=&#8220;T\u00dcV-Zertifikat&#8220; _builder_version=&#8220;4.6.1&#8243; _module_preset=&#8220;default&#8220;][\/et_pb_image][\/et_pb_column][\/et_pb_row][\/et_pb_section][et_pb_section fb_built=&#8220;1&#8243; _builder_version=&#8220;4.6.1&#8243; _module_preset=&#8220;default&#8220;][et_pb_row _builder_version=&#8220;4.6.1&#8243; _module_preset=&#8220;default&#8220; min_height=&#8220;473px&#8220;][et_pb_column type=&#8220;4_4&#8243; _builder_version=&#8220;4.6.1&#8243; _module_preset=&#8220;default&#8220;][et_pb_text _builder_version=&#8220;4.6.1&#8243; _module_preset=&#8220;default&#8220; header_3_text_color=&#8220;#019541&#8243;]<\/p>\n<h3><strong>The twine of JoroVerde... <\/strong><\/h3>\n<p><strong>serves as a climbing aid<\/strong>for growing fruits, vegetables and other plants which grow vertical. By supporting the growth, the twine carries the weight of the heavy fruits and ultimately optimises the harvest yield. <a href=\"https:\/\/www.joroverde.com\/en\/tomatenhaken\/\">Tomatohooks <\/a>In the cultivation of tomatoes the Tomato-Hooks by JoroVerde are used successfully.<\/p>\n<p>JoroTwine is essential in agriculture, due to the ever-growing importance of using natural products. It is biodegradable and compostable, which means that the twine does not need to be separated from the plant after harvesting.<\/p>\n<p>JoroTwine can be chopped up and disposed of together with the plant-remains \u2013 easy and environmentally friendly.<\/p>\n<h3><strong>100% compostable<\/strong><\/h3>\n<p>The Belgian certification company T\u00dcV AUSTRIA BELGIUM NV confirms the biodegradability of JoroTwine. Therefore it is compostable for households as well as for industrial companies. The twine consists 100% of cellulose fiber, so it can be used in organic cultivation and gardening.<\/p>\n<p>Read the blogentry for more details: <a href=\"https:\/\/www.joroverde.com\/en\/biologisch-abbaubare-schnur-joro-twine\/\">Biodegradable JoroTwine<\/a><\/p>\n<p>[\/et_pb_text][\/et_pb_column][\/et_pb_row][et_pb_row column_structure=&#8220;1_3,1_3,1_3&#8243; _builder_version=&#8220;4.6.1&#8243; _module_preset=&#8220;default&#8220;][et_pb_column type=&#8220;1_3&#8243; _builder_version=&#8220;4.6.1&#8243; _module_preset=&#8220;default&#8220;][et_pb_blurb title=&#8220;Produkteigenschaften JoroTwine:&#8220; image=&#8220;https:\/\/www.joroverde.com\/wp-content\/uploads\/2020\/02\/IMG_0963_Tomaten_JoroVerde_800x600-1.jpg&#8220; _builder_version=&#8220;4.6.1&#8243; _module_preset=&#8220;default&#8220; header_level=&#8220;h3&#8243; header_text_color=&#8220;#019541&#8243;]<\/p>\n<ul>\n<li>high rigidity despite thin dimension<\/li>\n<li>carries up to 80 kg per string<\/li>\n<li>100% compostable<\/li>\n<li>100% biodegradable<\/li>\n<li>fibre verified safe for food<o:p><\/o:p><\/li>\n<\/ul>\n<p>[\/et_pb_blurb][\/et_pb_column][et_pb_column type=&#8220;1_3&#8243; _builder_version=&#8220;4.6.1&#8243; _module_preset=&#8220;default&#8220;][et_pb_blurb title=&#8220;JoroTwine eignet sich f\u00fcr:&#8220; image=&#8220;https:\/\/www.joroverde.com\/wp-content\/uploads\/2020\/02\/IMG_0953_Auberginen800x600.jpg&#8220; _builder_version=&#8220;4.6.1&#8243; _module_preset=&#8220;default&#8220; header_level=&#8220;h3&#8243; header_text_color=&#8220;#019541&#8243;]<\/p>\n<ul>\n<li>tomatoes<\/li>\n<li>aubergines<\/li>\n<li>peppers<\/li>\n<li>cucumbers<\/li>\n<li>hops<\/li>\n<li>...and more<\/li>\n<\/ul>\n<p>The biodegradable JoroTwine can also be used <strong>in floriculture<\/strong> and for <strong>horticulture<\/strong> !<\/p>\n<p>[\/et_pb_blurb][\/et_pb_column][et_pb_column type=&#8220;1_3&#8243; _builder_version=&#8220;4.6.1&#8243; _module_preset=&#8220;default&#8220;][et_pb_blurb title=&#8220;JoroTwine &#8211; Ihre pers\u00f6nliche Aufleitschnur &#8220; image=&#8220;https:\/\/www.joroverde.com\/wp-content\/uploads\/2022\/05\/JoroTwine-klein.jpg&#8220; _builder_version=&#8220;4.6.1&#8243; _module_preset=&#8220;default&#8220; header_level=&#8220;h3&#8243; header_text_color=&#8220;#019541&#8243;]<\/p>\n<p>We deliver your individual JoroTwine for professionell agricultur as well as for hobby gardeners.<\/p>\n<p>[\/et_pb_blurb][\/et_pb_column][\/et_pb_row][\/et_pb_section]<\/p>","protected":false},"excerpt":{"rendered":"<p>JoroTwine als Aufleitschnur biologisch abbaubare Alternative f\u00fcr die Landwirtschaft von JoroVerdeEine Aufleitschnur ist&#8230; &#8230;eine Rankhilfe, die beim Anbau von Gem\u00fcse, Hopfen und anderen hochwachsenden Pflanzen eingesetzt werden kann. Eine solche Schnur unterst\u00fctzt das Wachstum und erh\u00f6ht den Ertrag, da der Pflanze dabei die Last der schweren Fr\u00fcchte zum Gro\u00dfteil abgenommen wird. Im Tomatenanbau werden Tomatenhaken [&hellip;]<\/p>","protected":false},"author":4,"featured_media":0,"parent":0,"menu_order":0,"comment_status":"closed","ping_status":"closed","template":"","meta":{"_et_pb_use_builder":"on","_et_pb_old_content":"","_et_gb_content_width":"","_exactmetrics_skip_tracking":false,"_exactmetrics_sitenote_active":false,"_exactmetrics_sitenote_note":"","_exactmetrics_sitenote_category":0,"footnotes":""},"class_list":["post-2091","page","type-page","status-publish","hentry"],"yoast_head":"<!-- This site is optimized with the Yoast SEO plugin v22.6 - https:\/\/yoast.com\/wordpress\/plugins\/seo\/ -->\n<title>JoroTwine - JoroVerde<\/title>\n<meta name=\"robots\" content=\"index, follow, max-snippet:-1, max-image-preview:large, max-video-preview:-1\" \/>\n<link rel=\"canonical\" href=\"https:\/\/www.joroverde.com\/en\/jorotwine\/\" \/>\n<meta property=\"og:locale\" content=\"en_GB\" \/>\n<meta property=\"og:type\" content=\"article\" \/>\n<meta property=\"og:title\" content=\"JoroTwine - JoroVerde\" \/>\n<meta property=\"og:description\" content=\"JoroTwine als Aufleitschnur biologisch abbaubare Alternative f\u00fcr die Landwirtschaft von JoroVerdeEine Aufleitschnur ist... ...eine Rankhilfe, die beim Anbau von Gem\u00fcse, Hopfen und anderen hochwachsenden Pflanzen eingesetzt werden kann. Eine solche Schnur unterst\u00fctzt das Wachstum und erh\u00f6ht den Ertrag, da der Pflanze dabei die Last der schweren Fr\u00fcchte zum Gro\u00dfteil abgenommen wird. Im Tomatenanbau werden Tomatenhaken [&hellip;]\" \/>\n<meta property=\"og:url\" content=\"https:\/\/www.joroverde.com\/en\/jorotwine\/\" \/>\n<meta property=\"og:site_name\" content=\"JoroVerde\" \/>\n<meta property=\"article:modified_time\" content=\"2023-10-06T09:43:33+00:00\" \/>\n<meta name=\"twitter:card\" content=\"summary_large_image\" \/>\n<meta name=\"twitter:label1\" content=\"Estimated reading time\" \/>\n\t<meta name=\"twitter:data1\" content=\"2 minutes\" \/>\n<script type=\"application\/ld+json\" class=\"yoast-schema-graph\">{\"@context\":\"https:\/\/schema.org\",\"@graph\":[{\"@type\":\"WebPage\",\"@id\":\"https:\/\/www.joroverde.com\/jorotwine\/\",\"url\":\"https:\/\/www.joroverde.com\/jorotwine\/\",\"name\":\"JoroTwine - JoroVerde\",\"isPartOf\":{\"@id\":\"https:\/\/www.joroverde.com\/#website\"},\"datePublished\":\"2022-05-17T17:35:41+00:00\",\"dateModified\":\"2023-10-06T09:43:33+00:00\",\"breadcrumb\":{\"@id\":\"https:\/\/www.joroverde.com\/jorotwine\/#breadcrumb\"},\"inLanguage\":\"en-GB\",\"potentialAction\":[{\"@type\":\"ReadAction\",\"target\":[\"https:\/\/www.joroverde.com\/jorotwine\/\"]}]},{\"@type\":\"BreadcrumbList\",\"@id\":\"https:\/\/www.joroverde.com\/jorotwine\/#breadcrumb\",\"itemListElement\":[{\"@type\":\"ListItem\",\"position\":1,\"name\":\"Startseite\",\"item\":\"https:\/\/www.joroverde.com\/\"},{\"@type\":\"ListItem\",\"position\":2,\"name\":\"JoroTwine\"}]},{\"@type\":\"WebSite\",\"@id\":\"https:\/\/www.joroverde.com\/#website\",\"url\":\"https:\/\/www.joroverde.com\/\",\"name\":\"JoroVerde\",\"description\":\"\",\"publisher\":{\"@id\":\"https:\/\/www.joroverde.com\/#organization\"},\"potentialAction\":[{\"@type\":\"SearchAction\",\"target\":{\"@type\":\"EntryPoint\",\"urlTemplate\":\"https:\/\/www.joroverde.com\/?s={search_term_string}\"},\"query-input\":\"required name=search_term_string\"}],\"inLanguage\":\"en-GB\"},{\"@type\":\"Organization\",\"@id\":\"https:\/\/www.joroverde.com\/#organization\",\"name\":\"JoroVerde\",\"url\":\"https:\/\/www.joroverde.com\/\",\"logo\":{\"@type\":\"ImageObject\",\"inLanguage\":\"en-GB\",\"@id\":\"https:\/\/www.joroverde.com\/#\/schema\/logo\/image\/\",\"url\":\"https:\/\/www.joroverde.com\/wp-content\/uploads\/2019\/07\/JoRo_Logo_Schrift.png\",\"contentUrl\":\"https:\/\/www.joroverde.com\/wp-content\/uploads\/2019\/07\/JoRo_Logo_Schrift.png\",\"width\":572,\"height\":198,\"caption\":\"JoroVerde\"},\"image\":{\"@id\":\"https:\/\/www.joroverde.com\/#\/schema\/logo\/image\/\"}}]}<\/script>\n<!-- \/ Yoast SEO plugin. -->","yoast_head_json":{"title":"JoroTwine - JoroVerde","robots":{"index":"index","follow":"follow","max-snippet":"max-snippet:-1","max-image-preview":"max-image-preview:large","max-video-preview":"max-video-preview:-1"},"canonical":"https:\/\/www.joroverde.com\/en\/jorotwine\/","og_locale":"en_GB","og_type":"article","og_title":"JoroTwine - JoroVerde","og_description":"JoroTwine als Aufleitschnur biologisch abbaubare Alternative f\u00fcr die Landwirtschaft von JoroVerdeEine Aufleitschnur ist... ...eine Rankhilfe, die beim Anbau von Gem\u00fcse, Hopfen und anderen hochwachsenden Pflanzen eingesetzt werden kann. Eine solche Schnur unterst\u00fctzt das Wachstum und erh\u00f6ht den Ertrag, da der Pflanze dabei die Last der schweren Fr\u00fcchte zum Gro\u00dfteil abgenommen wird. Im Tomatenanbau werden Tomatenhaken [&hellip;]","og_url":"https:\/\/www.joroverde.com\/en\/jorotwine\/","og_site_name":"JoroVerde","article_modified_time":"2023-10-06T09:43:33+00:00","twitter_card":"summary_large_image","twitter_misc":{"Estimated reading time":"2 minutes"},"schema":{"@context":"https:\/\/schema.org","@graph":[{"@type":"WebPage","@id":"https:\/\/www.joroverde.com\/jorotwine\/","url":"https:\/\/www.joroverde.com\/jorotwine\/","name":"JoroTwine - JoroVerde","isPartOf":{"@id":"https:\/\/www.joroverde.com\/#website"},"datePublished":"2022-05-17T17:35:41+00:00","dateModified":"2023-10-06T09:43:33+00:00","breadcrumb":{"@id":"https:\/\/www.joroverde.com\/jorotwine\/#breadcrumb"},"inLanguage":"en-GB","potentialAction":[{"@type":"ReadAction","target":["https:\/\/www.joroverde.com\/jorotwine\/"]}]},{"@type":"BreadcrumbList","@id":"https:\/\/www.joroverde.com\/jorotwine\/#breadcrumb","itemListElement":[{"@type":"ListItem","position":1,"name":"Startseite","item":"https:\/\/www.joroverde.com\/"},{"@type":"ListItem","position":2,"name":"JoroTwine"}]},{"@type":"WebSite","@id":"https:\/\/www.joroverde.com\/#website","url":"https:\/\/www.joroverde.com\/","name":"JoroVerde","description":"","publisher":{"@id":"https:\/\/www.joroverde.com\/#organization"},"potentialAction":[{"@type":"SearchAction","target":{"@type":"EntryPoint","urlTemplate":"https:\/\/www.joroverde.com\/?s={search_term_string}"},"query-input":"required name=search_term_string"}],"inLanguage":"en-GB"},{"@type":"Organization","@id":"https:\/\/www.joroverde.com\/#organization","name":"JoroVerde","url":"https:\/\/www.joroverde.com\/","logo":{"@type":"ImageObject","inLanguage":"en-GB","@id":"https:\/\/www.joroverde.com\/#\/schema\/logo\/image\/","url":"https:\/\/www.joroverde.com\/wp-content\/uploads\/2019\/07\/JoRo_Logo_Schrift.png","contentUrl":"https:\/\/www.joroverde.com\/wp-content\/uploads\/2019\/07\/JoRo_Logo_Schrift.png","width":572,"height":198,"caption":"JoroVerde"},"image":{"@id":"https:\/\/www.joroverde.com\/#\/schema\/logo\/image\/"}}]}},"_links":{"self":[{"href":"https:\/\/www.joroverde.com\/en\/wp-json\/wp\/v2\/pages\/2091","targetHints":{"allow":["GET"]}}],"collection":[{"href":"https:\/\/www.joroverde.com\/en\/wp-json\/wp\/v2\/pages"}],"about":[{"href":"https:\/\/www.joroverde.com\/en\/wp-json\/wp\/v2\/types\/page"}],"author":[{"embeddable":true,"href":"https:\/\/www.joroverde.com\/en\/wp-json\/wp\/v2\/users\/4"}],"replies":[{"embeddable":true,"href":"https:\/\/www.joroverde.com\/en\/wp-json\/wp\/v2\/comments?post=2091"}],"version-history":[{"count":4,"href":"https:\/\/www.joroverde.com\/en\/wp-json\/wp\/v2\/pages\/2091\/revisions"}],"predecessor-version":[{"id":2246,"href":"https:\/\/www.joroverde.com\/en\/wp-json\/wp\/v2\/pages\/2091\/revisions\/2246"}],"wp:attachment":[{"href":"https:\/\/www.joroverde.com\/en\/wp-json\/wp\/v2\/media?parent=2091"}],"curies":[{"name":"wp","href":"https:\/\/api.w.org\/{rel}","templated":true}]}}