{"id":2052,"date":"2022-05-09T20:55:55","date_gmt":"2022-05-09T18:55:55","guid":{"rendered":"https:\/\/www.joroverde.com\/?page_id=2052"},"modified":"2024-01-11T08:44:18","modified_gmt":"2024-01-11T07:44:18","slug":"spezifikation","status":"publish","type":"page","link":"https:\/\/www.joroverde.com\/en\/spezifikation\/","title":{"rendered":"Spezification"},"content":{"rendered":"<p>[et_pb_section fb_built=&#8220;1&#8243; _builder_version=&#8220;4.6.1&#8243; _module_preset=&#8220;default&#8220; use_background_color_gradient=&#8220;on&#8220; background_color_gradient_start=&#8220;#249355&#8243; background_color_gradient_end=&#8220;#ffffff&#8220; background_image=&#8220;https:\/\/www.joroverde.com\/wp-content\/uploads\/2022\/05\/tomatoes-g6fab5a41b_1920-klein.jpg&#8220; min_height=&#8220;342px&#8220;][et_pb_row _builder_version=&#8220;4.6.1&#8243; _module_preset=&#8220;default&#8220;][et_pb_column type=&#8220;4_4&#8243; _builder_version=&#8220;4.6.1&#8243; _module_preset=&#8220;default&#8220;][et_pb_text _builder_version=&#8220;4.6.1&#8243; _module_preset=&#8220;default&#8220; header_text_color=&#8220;#ffffff&#8220; header_font_size=&#8220;48px&#8220; header_2_text_color=&#8220;#ffffff&#8220; header_2_font_size=&#8220;38px&#8220;]<\/p>\n<h1><strong>JoroVerde \u2013 Spezification<br \/> <\/strong><\/h1>\n<h2>compostable fixings for agriculture<\/h2>\n<p>[\/et_pb_text][\/et_pb_column][\/et_pb_row][\/et_pb_section][et_pb_section fb_built=&#8220;1&#8243; _builder_version=&#8220;4.6.1&#8243; _module_preset=&#8220;default&#8220;][et_pb_row _builder_version=&#8220;4.6.1&#8243; _module_preset=&#8220;default&#8220;][et_pb_column type=&#8220;4_4&#8243; _builder_version=&#8220;4.6.1&#8243; _module_preset=&#8220;default&#8220;][et_pb_text _builder_version=&#8220;4.6.1&#8243; _module_preset=&#8220;default&#8220; header_3_text_color=&#8220;#019541&#8243;]<\/p>\n<h3><strong><a href=\"https:\/\/www.joroverde.com\/en\/jorotwine\/\"><\/a><a href=\"https:\/\/www.joroverde.com\/en\/jorotwine\/\">JoroTwine\u2026<\/a><\/strong><\/h3>\n<p>...consists 100% of LENZING (TM) Lyocell cellulose fiber which is obtained from wood pulp, a part of the naturally regrowing resource wood.<\/p>\n<h3><strong>For the environment<\/strong><\/h3>\n<p>JoroTwine ist very important for the recycling economy. It consists 100% of natural resource, which is compostable and biodegradable. It can be used for agricultur under normal soil as well as marine conditions and also for hobby gardeners.<\/p>\n<p><strong>JoroTwine is the responsible choise to synthetic material.<\/strong><\/p>\n<p>[\/et_pb_text][\/et_pb_column][\/et_pb_row][et_pb_row _builder_version=&#8220;4.6.1&#8243; _module_preset=&#8220;default&#8220;][et_pb_column type=&#8220;4_4&#8243; _builder_version=&#8220;4.6.1&#8243; _module_preset=&#8220;default&#8220;][et_pb_button button_url=&#8220;https:\/\/www.joroverde.com\/wp-content\/uploads\/2024\/01\/350N_Schnurspezifikation.pdf&#8220; url_new_window=&#8220;on&#8220; button_text=&#8220;Download: Datenblatt 350 N Aufleitschnur&#8220; _builder_version=&#8220;4.6.1&#8243; _module_preset=&#8220;default&#8220; hover_enabled=&#8220;0&#8243; sticky_enabled=&#8220;0&#8243;][\/et_pb_button][et_pb_button button_text=&#8220;Download: Data Sheet 350 N JoroTwine&#8220; _builder_version=&#8220;4.6.1&#8243; _module_preset=&#8220;default&#8220; button_url=&#8220;https:\/\/www.joroverde.com\/wp-content\/uploads\/2024\/01\/350N_Twine-specification.pdf&#8220; url_new_window=&#8220;on&#8220; hover_enabled=&#8220;0&#8243; sticky_enabled=&#8220;0&#8243;][\/et_pb_button][\/et_pb_column][\/et_pb_row][\/et_pb_section]<\/p>","protected":false},"excerpt":{"rendered":"<p>JoroVerde &#8211; Spezifikation kompostierbare Befestigungen f\u00fcr die LandwirtschaftJoroTwine&#8230; &#8230;besteht zu 100% aus LENZING (TM) Lyocell Zellulosefasern. Diese sind botanischen Ursprungs und werden aus Holzzellstoff gewonnen, ein Baustein des nachwachsenden nat\u00fcrlichen Rohstoffes Holz. Zellulose kann am Ende des Lebenszyklus wieder in den nat\u00fcrlichen biologischen Kreislauf eingebunden werden. F\u00fcr die Umwelt JoroTwine ist daher f\u00fcr eine Kreislaufwirtschaft [&hellip;]<\/p>","protected":false},"author":4,"featured_media":0,"parent":0,"menu_order":0,"comment_status":"closed","ping_status":"closed","template":"","meta":{"_et_pb_use_builder":"on","_et_pb_old_content":"","_et_gb_content_width":"","_exactmetrics_skip_tracking":false,"_exactmetrics_sitenote_active":false,"_exactmetrics_sitenote_note":"","_exactmetrics_sitenote_category":0,"footnotes":""},"class_list":["post-2052","page","type-page","status-publish","hentry"],"yoast_head":"<!-- This site is optimized with the Yoast SEO plugin v22.6 - https:\/\/yoast.com\/wordpress\/plugins\/seo\/ -->\n<title>Spezifikation - JoroVerde<\/title>\n<meta name=\"robots\" content=\"index, follow, max-snippet:-1, max-image-preview:large, max-video-preview:-1\" \/>\n<link rel=\"canonical\" href=\"https:\/\/www.joroverde.com\/en\/spezifikation\/\" \/>\n<meta property=\"og:locale\" content=\"en_GB\" \/>\n<meta property=\"og:type\" content=\"article\" \/>\n<meta property=\"og:title\" content=\"Spezifikation - JoroVerde\" \/>\n<meta property=\"og:description\" content=\"JoroVerde - Spezifikation kompostierbare Befestigungen f\u00fcr die LandwirtschaftJoroTwine... ...besteht zu 100% aus LENZING (TM) Lyocell Zellulosefasern. Diese sind botanischen Ursprungs und werden aus Holzzellstoff gewonnen, ein Baustein des nachwachsenden nat\u00fcrlichen Rohstoffes Holz. Zellulose kann am Ende des Lebenszyklus wieder in den nat\u00fcrlichen biologischen Kreislauf eingebunden werden. F\u00fcr die Umwelt JoroTwine ist daher f\u00fcr eine Kreislaufwirtschaft [&hellip;]\" \/>\n<meta property=\"og:url\" content=\"https:\/\/www.joroverde.com\/en\/spezifikation\/\" \/>\n<meta property=\"og:site_name\" content=\"JoroVerde\" \/>\n<meta property=\"article:modified_time\" content=\"2024-01-11T07:44:18+00:00\" \/>\n<meta name=\"twitter:card\" content=\"summary_large_image\" \/>\n<meta name=\"twitter:label1\" content=\"Estimated reading time\" \/>\n\t<meta name=\"twitter:data1\" content=\"1 minute\" \/>\n<script type=\"application\/ld+json\" class=\"yoast-schema-graph\">{\"@context\":\"https:\/\/schema.org\",\"@graph\":[{\"@type\":\"WebPage\",\"@id\":\"https:\/\/www.joroverde.com\/spezifikation\/\",\"url\":\"https:\/\/www.joroverde.com\/spezifikation\/\",\"name\":\"Spezifikation - JoroVerde\",\"isPartOf\":{\"@id\":\"https:\/\/www.joroverde.com\/#website\"},\"datePublished\":\"2022-05-09T18:55:55+00:00\",\"dateModified\":\"2024-01-11T07:44:18+00:00\",\"breadcrumb\":{\"@id\":\"https:\/\/www.joroverde.com\/spezifikation\/#breadcrumb\"},\"inLanguage\":\"en-GB\",\"potentialAction\":[{\"@type\":\"ReadAction\",\"target\":[\"https:\/\/www.joroverde.com\/spezifikation\/\"]}]},{\"@type\":\"BreadcrumbList\",\"@id\":\"https:\/\/www.joroverde.com\/spezifikation\/#breadcrumb\",\"itemListElement\":[{\"@type\":\"ListItem\",\"position\":1,\"name\":\"Startseite\",\"item\":\"https:\/\/www.joroverde.com\/\"},{\"@type\":\"ListItem\",\"position\":2,\"name\":\"Spezifikation\"}]},{\"@type\":\"WebSite\",\"@id\":\"https:\/\/www.joroverde.com\/#website\",\"url\":\"https:\/\/www.joroverde.com\/\",\"name\":\"JoroVerde\",\"description\":\"\",\"publisher\":{\"@id\":\"https:\/\/www.joroverde.com\/#organization\"},\"potentialAction\":[{\"@type\":\"SearchAction\",\"target\":{\"@type\":\"EntryPoint\",\"urlTemplate\":\"https:\/\/www.joroverde.com\/?s={search_term_string}\"},\"query-input\":\"required name=search_term_string\"}],\"inLanguage\":\"en-GB\"},{\"@type\":\"Organization\",\"@id\":\"https:\/\/www.joroverde.com\/#organization\",\"name\":\"JoroVerde\",\"url\":\"https:\/\/www.joroverde.com\/\",\"logo\":{\"@type\":\"ImageObject\",\"inLanguage\":\"en-GB\",\"@id\":\"https:\/\/www.joroverde.com\/#\/schema\/logo\/image\/\",\"url\":\"https:\/\/www.joroverde.com\/wp-content\/uploads\/2019\/07\/JoRo_Logo_Schrift.png\",\"contentUrl\":\"https:\/\/www.joroverde.com\/wp-content\/uploads\/2019\/07\/JoRo_Logo_Schrift.png\",\"width\":572,\"height\":198,\"caption\":\"JoroVerde\"},\"image\":{\"@id\":\"https:\/\/www.joroverde.com\/#\/schema\/logo\/image\/\"}}]}<\/script>\n<!-- \/ Yoast SEO plugin. -->","yoast_head_json":{"title":"Spezifikation - JoroVerde","robots":{"index":"index","follow":"follow","max-snippet":"max-snippet:-1","max-image-preview":"max-image-preview:large","max-video-preview":"max-video-preview:-1"},"canonical":"https:\/\/www.joroverde.com\/en\/spezifikation\/","og_locale":"en_GB","og_type":"article","og_title":"Spezifikation - JoroVerde","og_description":"JoroVerde - Spezifikation kompostierbare Befestigungen f\u00fcr die LandwirtschaftJoroTwine... ...besteht zu 100% aus LENZING (TM) Lyocell Zellulosefasern. Diese sind botanischen Ursprungs und werden aus Holzzellstoff gewonnen, ein Baustein des nachwachsenden nat\u00fcrlichen Rohstoffes Holz. Zellulose kann am Ende des Lebenszyklus wieder in den nat\u00fcrlichen biologischen Kreislauf eingebunden werden. F\u00fcr die Umwelt JoroTwine ist daher f\u00fcr eine Kreislaufwirtschaft [&hellip;]","og_url":"https:\/\/www.joroverde.com\/en\/spezifikation\/","og_site_name":"JoroVerde","article_modified_time":"2024-01-11T07:44:18+00:00","twitter_card":"summary_large_image","twitter_misc":{"Estimated reading time":"1 minute"},"schema":{"@context":"https:\/\/schema.org","@graph":[{"@type":"WebPage","@id":"https:\/\/www.joroverde.com\/spezifikation\/","url":"https:\/\/www.joroverde.com\/spezifikation\/","name":"Spezifikation - JoroVerde","isPartOf":{"@id":"https:\/\/www.joroverde.com\/#website"},"datePublished":"2022-05-09T18:55:55+00:00","dateModified":"2024-01-11T07:44:18+00:00","breadcrumb":{"@id":"https:\/\/www.joroverde.com\/spezifikation\/#breadcrumb"},"inLanguage":"en-GB","potentialAction":[{"@type":"ReadAction","target":["https:\/\/www.joroverde.com\/spezifikation\/"]}]},{"@type":"BreadcrumbList","@id":"https:\/\/www.joroverde.com\/spezifikation\/#breadcrumb","itemListElement":[{"@type":"ListItem","position":1,"name":"Startseite","item":"https:\/\/www.joroverde.com\/"},{"@type":"ListItem","position":2,"name":"Spezifikation"}]},{"@type":"WebSite","@id":"https:\/\/www.joroverde.com\/#website","url":"https:\/\/www.joroverde.com\/","name":"JoroVerde","description":"","publisher":{"@id":"https:\/\/www.joroverde.com\/#organization"},"potentialAction":[{"@type":"SearchAction","target":{"@type":"EntryPoint","urlTemplate":"https:\/\/www.joroverde.com\/?s={search_term_string}"},"query-input":"required name=search_term_string"}],"inLanguage":"en-GB"},{"@type":"Organization","@id":"https:\/\/www.joroverde.com\/#organization","name":"JoroVerde","url":"https:\/\/www.joroverde.com\/","logo":{"@type":"ImageObject","inLanguage":"en-GB","@id":"https:\/\/www.joroverde.com\/#\/schema\/logo\/image\/","url":"https:\/\/www.joroverde.com\/wp-content\/uploads\/2019\/07\/JoRo_Logo_Schrift.png","contentUrl":"https:\/\/www.joroverde.com\/wp-content\/uploads\/2019\/07\/JoRo_Logo_Schrift.png","width":572,"height":198,"caption":"JoroVerde"},"image":{"@id":"https:\/\/www.joroverde.com\/#\/schema\/logo\/image\/"}}]}},"_links":{"self":[{"href":"https:\/\/www.joroverde.com\/en\/wp-json\/wp\/v2\/pages\/2052","targetHints":{"allow":["GET"]}}],"collection":[{"href":"https:\/\/www.joroverde.com\/en\/wp-json\/wp\/v2\/pages"}],"about":[{"href":"https:\/\/www.joroverde.com\/en\/wp-json\/wp\/v2\/types\/page"}],"author":[{"embeddable":true,"href":"https:\/\/www.joroverde.com\/en\/wp-json\/wp\/v2\/users\/4"}],"replies":[{"embeddable":true,"href":"https:\/\/www.joroverde.com\/en\/wp-json\/wp\/v2\/comments?post=2052"}],"version-history":[{"count":4,"href":"https:\/\/www.joroverde.com\/en\/wp-json\/wp\/v2\/pages\/2052\/revisions"}],"predecessor-version":[{"id":2269,"href":"https:\/\/www.joroverde.com\/en\/wp-json\/wp\/v2\/pages\/2052\/revisions\/2269"}],"wp:attachment":[{"href":"https:\/\/www.joroverde.com\/en\/wp-json\/wp\/v2\/media?parent=2052"}],"curies":[{"name":"wp","href":"https:\/\/api.w.org\/{rel}","templated":true}]}}