{"id":2048,"date":"2022-05-09T20:55:13","date_gmt":"2022-05-09T18:55:13","guid":{"rendered":"https:\/\/www.joroverde.com\/?page_id=2048"},"modified":"2022-05-17T22:19:04","modified_gmt":"2022-05-17T20:19:04","slug":"partner","status":"publish","type":"page","link":"https:\/\/www.joroverde.com\/en\/partner\/","title":{"rendered":"Partner"},"content":{"rendered":"<p>[et_pb_section fb_built=&#8220;1&#8243; _builder_version=&#8220;4.6.1&#8243; _module_preset=&#8220;default&#8220; background_image=&#8220;https:\/\/www.joroverde.com\/wp-content\/uploads\/2020\/05\/iStock-911713706Tomaten800x600.jpg&#8220; min_height=&#8220;309px&#8220;][et_pb_row _builder_version=&#8220;4.6.1&#8243; _module_preset=&#8220;default&#8220; min_height=&#8220;172px&#8220;][et_pb_column type=&#8220;4_4&#8243; _builder_version=&#8220;4.6.1&#8243; _module_preset=&#8220;default&#8220;][et_pb_text _builder_version=&#8220;4.6.1&#8243; _module_preset=&#8220;default&#8220; header_text_color=&#8220;#ffffff&#8220; header_font_size=&#8220;48px&#8220; header_2_text_color=&#8220;#ffffff&#8220; header_2_font_size=&#8220;38px&#8220; header_2_line_height=&#8220;1.3em&#8220; min_height=&#8220;141px&#8220;]<\/p>\n<h1><strong>Partnerships from JoroVerde<\/strong><\/h1>\n<h2><strong>We stand for sustainable products in agriculture. That's why we are pleased to work with partners who share our values.<\/strong><\/h2>\n<p>[\/et_pb_text][\/et_pb_column][\/et_pb_row][\/et_pb_section][et_pb_section fb_built=&#8220;1&#8243; _builder_version=&#8220;4.6.1&#8243; _module_preset=&#8220;default&#8220;][et_pb_row column_structure=&#8220;1_2,1_2&#8243; _builder_version=&#8220;4.6.1&#8243; _module_preset=&#8220;default&#8220;][et_pb_column type=&#8220;1_2&#8243; _builder_version=&#8220;4.6.1&#8243; _module_preset=&#8220;default&#8220;][et_pb_blurb title=&#8220;bl\u00fcn GmbH&#8220; image=&#8220;https:\/\/www.joroverde.com\/wp-content\/uploads\/2019\/09\/bluen_logo_fin_2_200x@2x.png&#8220; _builder_version=&#8220;4.6.1&#8243; _module_preset=&#8220;default&#8220; header_level=&#8220;h2&#8243; header_font=&#8220;||||||||&#8220; header_text_color=&#8220;#019541&#8243;]<\/p>\n<p style=\"text-align: left;\">The experienced farmers of bl\u00fcn work in Vienna. <\/p>\n<p style=\"text-align: left;\">They produce passionate sustainable, resource-friendly food through new innovative ideas. <\/p>\n<p>[\/et_pb_blurb][\/et_pb_column][et_pb_column type=&#8220;1_2&#8243; _builder_version=&#8220;4.6.1&#8243; _module_preset=&#8220;default&#8220;][et_pb_blurb title=&#8220;Stefan Bauer&#8220; image=&#8220;https:\/\/www.joroverde.com\/wp-content\/uploads\/2019\/09\/stefan-bauer.jpg&#8220; _builder_version=&#8220;4.6.1&#8243; _module_preset=&#8220;default&#8220; header_level=&#8220;h2&#8243; header_text_color=&#8220;#019541&#8243;]<\/p>\n<p><span class=\"s1\">He runs a business for vegetable cultivation and creates new tomatospecials daily.<br \/> <\/span><\/p>\n<p>[\/et_pb_blurb][\/et_pb_column][\/et_pb_row][\/et_pb_section]<\/p>","protected":false},"excerpt":{"rendered":"<p>Partner von JoroVerde Wir stehen f\u00fcr nachhaltige Produkte in der Landwirtschaft. Darum freut es uns mit gleichgesinnten Partner zu arbeiten.bl\u00fcn ist eine Gruppe erfahrener Landwirte, die in Wien arbeiten. Mittels neuer, innovativer Zug\u00e4nge produzieren sie nachhaltiger und ressourcenschonender. Dabei kommt vor allem qualitativ hochwertiges und geschmacklich traumhaftes Gem\u00fcse hervor. Er leitet einen Tomatenbetrieb in Wien, [&hellip;]<\/p>","protected":false},"author":4,"featured_media":0,"parent":0,"menu_order":0,"comment_status":"closed","ping_status":"closed","template":"","meta":{"_et_pb_use_builder":"on","_et_pb_old_content":"","_et_gb_content_width":"","_exactmetrics_skip_tracking":false,"_exactmetrics_sitenote_active":false,"_exactmetrics_sitenote_note":"","_exactmetrics_sitenote_category":0,"footnotes":""},"class_list":["post-2048","page","type-page","status-publish","hentry"],"yoast_head":"<!-- This site is optimized with the Yoast SEO plugin v22.6 - https:\/\/yoast.com\/wordpress\/plugins\/seo\/ -->\n<title>Partner - JoroVerde<\/title>\n<meta name=\"robots\" content=\"index, follow, max-snippet:-1, max-image-preview:large, max-video-preview:-1\" \/>\n<link rel=\"canonical\" href=\"https:\/\/www.joroverde.com\/en\/partner\/\" \/>\n<meta property=\"og:locale\" content=\"en_GB\" \/>\n<meta property=\"og:type\" content=\"article\" \/>\n<meta property=\"og:title\" content=\"Partner - JoroVerde\" \/>\n<meta property=\"og:description\" content=\"Partner von JoroVerde Wir stehen f\u00fcr nachhaltige Produkte in der Landwirtschaft. Darum freut es uns mit gleichgesinnten Partner zu arbeiten.bl\u00fcn ist eine Gruppe erfahrener Landwirte, die in Wien arbeiten. Mittels neuer, innovativer Zug\u00e4nge produzieren sie nachhaltiger und ressourcenschonender. Dabei kommt vor allem qualitativ hochwertiges und geschmacklich traumhaftes Gem\u00fcse hervor. Er leitet einen Tomatenbetrieb in Wien, [&hellip;]\" \/>\n<meta property=\"og:url\" content=\"https:\/\/www.joroverde.com\/en\/partner\/\" \/>\n<meta property=\"og:site_name\" content=\"JoroVerde\" \/>\n<meta property=\"article:modified_time\" content=\"2022-05-17T20:19:04+00:00\" \/>\n<meta name=\"twitter:card\" content=\"summary_large_image\" \/>\n<meta name=\"twitter:label1\" content=\"Estimated reading time\" \/>\n\t<meta name=\"twitter:data1\" content=\"1 minute\" \/>\n<script type=\"application\/ld+json\" class=\"yoast-schema-graph\">{\"@context\":\"https:\/\/schema.org\",\"@graph\":[{\"@type\":\"WebPage\",\"@id\":\"https:\/\/www.joroverde.com\/partner\/\",\"url\":\"https:\/\/www.joroverde.com\/partner\/\",\"name\":\"Partner - JoroVerde\",\"isPartOf\":{\"@id\":\"https:\/\/www.joroverde.com\/#website\"},\"datePublished\":\"2022-05-09T18:55:13+00:00\",\"dateModified\":\"2022-05-17T20:19:04+00:00\",\"breadcrumb\":{\"@id\":\"https:\/\/www.joroverde.com\/partner\/#breadcrumb\"},\"inLanguage\":\"en-GB\",\"potentialAction\":[{\"@type\":\"ReadAction\",\"target\":[\"https:\/\/www.joroverde.com\/partner\/\"]}]},{\"@type\":\"BreadcrumbList\",\"@id\":\"https:\/\/www.joroverde.com\/partner\/#breadcrumb\",\"itemListElement\":[{\"@type\":\"ListItem\",\"position\":1,\"name\":\"Startseite\",\"item\":\"https:\/\/www.joroverde.com\/\"},{\"@type\":\"ListItem\",\"position\":2,\"name\":\"Partner\"}]},{\"@type\":\"WebSite\",\"@id\":\"https:\/\/www.joroverde.com\/#website\",\"url\":\"https:\/\/www.joroverde.com\/\",\"name\":\"JoroVerde\",\"description\":\"\",\"publisher\":{\"@id\":\"https:\/\/www.joroverde.com\/#organization\"},\"potentialAction\":[{\"@type\":\"SearchAction\",\"target\":{\"@type\":\"EntryPoint\",\"urlTemplate\":\"https:\/\/www.joroverde.com\/?s={search_term_string}\"},\"query-input\":\"required name=search_term_string\"}],\"inLanguage\":\"en-GB\"},{\"@type\":\"Organization\",\"@id\":\"https:\/\/www.joroverde.com\/#organization\",\"name\":\"JoroVerde\",\"url\":\"https:\/\/www.joroverde.com\/\",\"logo\":{\"@type\":\"ImageObject\",\"inLanguage\":\"en-GB\",\"@id\":\"https:\/\/www.joroverde.com\/#\/schema\/logo\/image\/\",\"url\":\"https:\/\/www.joroverde.com\/wp-content\/uploads\/2019\/07\/JoRo_Logo_Schrift.png\",\"contentUrl\":\"https:\/\/www.joroverde.com\/wp-content\/uploads\/2019\/07\/JoRo_Logo_Schrift.png\",\"width\":572,\"height\":198,\"caption\":\"JoroVerde\"},\"image\":{\"@id\":\"https:\/\/www.joroverde.com\/#\/schema\/logo\/image\/\"}}]}<\/script>\n<!-- \/ Yoast SEO plugin. -->","yoast_head_json":{"title":"Partner - JoroVerde","robots":{"index":"index","follow":"follow","max-snippet":"max-snippet:-1","max-image-preview":"max-image-preview:large","max-video-preview":"max-video-preview:-1"},"canonical":"https:\/\/www.joroverde.com\/en\/partner\/","og_locale":"en_GB","og_type":"article","og_title":"Partner - JoroVerde","og_description":"Partner von JoroVerde Wir stehen f\u00fcr nachhaltige Produkte in der Landwirtschaft. Darum freut es uns mit gleichgesinnten Partner zu arbeiten.bl\u00fcn ist eine Gruppe erfahrener Landwirte, die in Wien arbeiten. Mittels neuer, innovativer Zug\u00e4nge produzieren sie nachhaltiger und ressourcenschonender. Dabei kommt vor allem qualitativ hochwertiges und geschmacklich traumhaftes Gem\u00fcse hervor. Er leitet einen Tomatenbetrieb in Wien, [&hellip;]","og_url":"https:\/\/www.joroverde.com\/en\/partner\/","og_site_name":"JoroVerde","article_modified_time":"2022-05-17T20:19:04+00:00","twitter_card":"summary_large_image","twitter_misc":{"Estimated reading time":"1 minute"},"schema":{"@context":"https:\/\/schema.org","@graph":[{"@type":"WebPage","@id":"https:\/\/www.joroverde.com\/partner\/","url":"https:\/\/www.joroverde.com\/partner\/","name":"Partner - JoroVerde","isPartOf":{"@id":"https:\/\/www.joroverde.com\/#website"},"datePublished":"2022-05-09T18:55:13+00:00","dateModified":"2022-05-17T20:19:04+00:00","breadcrumb":{"@id":"https:\/\/www.joroverde.com\/partner\/#breadcrumb"},"inLanguage":"en-GB","potentialAction":[{"@type":"ReadAction","target":["https:\/\/www.joroverde.com\/partner\/"]}]},{"@type":"BreadcrumbList","@id":"https:\/\/www.joroverde.com\/partner\/#breadcrumb","itemListElement":[{"@type":"ListItem","position":1,"name":"Startseite","item":"https:\/\/www.joroverde.com\/"},{"@type":"ListItem","position":2,"name":"Partner"}]},{"@type":"WebSite","@id":"https:\/\/www.joroverde.com\/#website","url":"https:\/\/www.joroverde.com\/","name":"JoroVerde","description":"","publisher":{"@id":"https:\/\/www.joroverde.com\/#organization"},"potentialAction":[{"@type":"SearchAction","target":{"@type":"EntryPoint","urlTemplate":"https:\/\/www.joroverde.com\/?s={search_term_string}"},"query-input":"required name=search_term_string"}],"inLanguage":"en-GB"},{"@type":"Organization","@id":"https:\/\/www.joroverde.com\/#organization","name":"JoroVerde","url":"https:\/\/www.joroverde.com\/","logo":{"@type":"ImageObject","inLanguage":"en-GB","@id":"https:\/\/www.joroverde.com\/#\/schema\/logo\/image\/","url":"https:\/\/www.joroverde.com\/wp-content\/uploads\/2019\/07\/JoRo_Logo_Schrift.png","contentUrl":"https:\/\/www.joroverde.com\/wp-content\/uploads\/2019\/07\/JoRo_Logo_Schrift.png","width":572,"height":198,"caption":"JoroVerde"},"image":{"@id":"https:\/\/www.joroverde.com\/#\/schema\/logo\/image\/"}}]}},"_links":{"self":[{"href":"https:\/\/www.joroverde.com\/en\/wp-json\/wp\/v2\/pages\/2048","targetHints":{"allow":["GET"]}}],"collection":[{"href":"https:\/\/www.joroverde.com\/en\/wp-json\/wp\/v2\/pages"}],"about":[{"href":"https:\/\/www.joroverde.com\/en\/wp-json\/wp\/v2\/types\/page"}],"author":[{"embeddable":true,"href":"https:\/\/www.joroverde.com\/en\/wp-json\/wp\/v2\/users\/4"}],"replies":[{"embeddable":true,"href":"https:\/\/www.joroverde.com\/en\/wp-json\/wp\/v2\/comments?post=2048"}],"version-history":[{"count":6,"href":"https:\/\/www.joroverde.com\/en\/wp-json\/wp\/v2\/pages\/2048\/revisions"}],"predecessor-version":[{"id":2155,"href":"https:\/\/www.joroverde.com\/en\/wp-json\/wp\/v2\/pages\/2048\/revisions\/2155"}],"wp:attachment":[{"href":"https:\/\/www.joroverde.com\/en\/wp-json\/wp\/v2\/media?parent=2048"}],"curies":[{"name":"wp","href":"https:\/\/api.w.org\/{rel}","templated":true}]}}