{"id":2023,"date":"2022-05-09T20:36:49","date_gmt":"2022-05-09T18:36:49","guid":{"rendered":"https:\/\/www.joroverde.com\/?page_id=2023"},"modified":"2022-05-19T13:11:26","modified_gmt":"2022-05-19T11:11:26","slug":"tomatenhaken","status":"publish","type":"page","link":"https:\/\/www.joroverde.com\/en\/tomatenhaken\/","title":{"rendered":"Tomatohooks"},"content":{"rendered":"<p>[et_pb_section fb_built=&#8220;1&#8243; _builder_version=&#8220;4.6.1&#8243; _module_preset=&#8220;default&#8220; background_image=&#8220;https:\/\/www.joroverde.com\/wp-content\/uploads\/2022\/05\/Tomatenhaken-klein.jpg&#8220; parallax=&#8220;on&#8220; min_height=&#8220;362px&#8220;][et_pb_row _builder_version=&#8220;4.6.1&#8243; _module_preset=&#8220;default&#8220;][et_pb_column type=&#8220;4_4&#8243; _builder_version=&#8220;4.6.1&#8243; _module_preset=&#8220;default&#8220;][et_pb_text _builder_version=&#8220;4.6.1&#8243; _module_preset=&#8220;default&#8220; header_text_color=&#8220;#ffffff&#8220; header_font_size=&#8220;48px&#8220; header_2_text_color=&#8220;#ffffff&#8220; header_2_font_size=&#8220;38px&#8220;]<\/p>\n<h1><strong>Tomatohooks<\/strong><\/h1>\n<h2>JoroVerde - 100% compostable fixation for agriculture<\/h2>\n<p>[\/et_pb_text][\/et_pb_column][\/et_pb_row][\/et_pb_section][et_pb_section fb_built=&#8220;1&#8243; _builder_version=&#8220;4.6.1&#8243; _module_preset=&#8220;default&#8220;][et_pb_row _builder_version=&#8220;4.6.1&#8243; _module_preset=&#8220;default&#8220; min_height=&#8220;409px&#8220;][et_pb_column type=&#8220;4_4&#8243; _builder_version=&#8220;4.6.1&#8243; _module_preset=&#8220;default&#8220;][et_pb_text _builder_version=&#8220;4.6.1&#8243; _module_preset=&#8220;default&#8220; header_3_text_color=&#8220;#019541&#8243;]<\/p>\n<h3><strong>Tomatohooks with JoroTwine<\/strong><\/h3>\n<p><strong> support the vertical growing plant.<\/strong>The twine is wrapped around the tomato-hook and can be adjusted regarding the growth of the plants. By supporting the growth, the twine carries the weight of the heavy fruits and ultimately optimises the harvest yield.<\/p>\n<p>The twine on the hooks<a href=\"https:\/\/www.joroverde.com\/en\/jorotwine\/\"> JoroTwine <\/a>is essential due to the ever-growing importance of using natural products. It is biodegradable and compostable, which means that the twine does not need to be separated from the plant after harvesting. JoroTwine can be chopped up and disposed of together with the plant.<\/p>\n<h3><strong>Easy usage<\/strong><\/h3>\n<p>Tomatohooks are made of metal and have to be hooked into a fixation above the plants; the twine is wrapped around the hook and can be adjusted on the growth of the plants.<\/p>\n<p>&nbsp;<\/p>\n<h3><strong>Video for the usage of JoroTwine in tomato cultivation<\/strong><\/h3>\n<p>[\/et_pb_text][\/et_pb_column][\/et_pb_row][et_pb_row _builder_version=&#8220;4.6.1&#8243; _module_preset=&#8220;default&#8220;][et_pb_column type=&#8220;4_4&#8243; _builder_version=&#8220;4.6.1&#8243; _module_preset=&#8220;default&#8220;][et_pb_video src=&#8220;https:\/\/www.youtube.com\/watch?v=P6qDFnW0-A0&#8243; _builder_version=&#8220;4.6.1&#8243; _module_preset=&#8220;default&#8220; max_width=&#8220;79%&#8220; module_alignment=&#8220;center&#8220;][\/et_pb_video][\/et_pb_column][\/et_pb_row][\/et_pb_section]<\/p>","protected":false},"excerpt":{"rendered":"<p>Tomatenhaken mit JoroTwine biologisch abbaubare Aufleitschnur f\u00fcr die Landwirtschaft von JoroVerdeTomatenhaken mit JoroTwine als Aufleitschnur&#8230; &#8230;sind eine Rankhilfe, die beim Anbau der hochwachsenden Pflanzen eingesetzt werden. Die Aufleitschnur ist auf dem Haken aufgewickelt und unterst\u00fctzt das Wachstum. Durch diese Unterst\u00fctzung wird auch der Ertrag erh\u00f6ht, da der Pflanze die Last der schweren Fr\u00fcchte zum Gro\u00dfteil [&hellip;]<\/p>","protected":false},"author":4,"featured_media":0,"parent":0,"menu_order":0,"comment_status":"closed","ping_status":"closed","template":"","meta":{"_et_pb_use_builder":"on","_et_pb_old_content":"","_et_gb_content_width":"","_exactmetrics_skip_tracking":false,"_exactmetrics_sitenote_active":false,"_exactmetrics_sitenote_note":"","_exactmetrics_sitenote_category":0,"footnotes":""},"class_list":["post-2023","page","type-page","status-publish","hentry"],"yoast_head":"<!-- This site is optimized with the Yoast SEO plugin v22.6 - https:\/\/yoast.com\/wordpress\/plugins\/seo\/ -->\n<title>Tomatenhaken - JoroVerde<\/title>\n<meta name=\"robots\" content=\"index, follow, max-snippet:-1, max-image-preview:large, max-video-preview:-1\" \/>\n<link rel=\"canonical\" href=\"https:\/\/www.joroverde.com\/en\/tomatenhaken\/\" \/>\n<meta property=\"og:locale\" content=\"en_GB\" \/>\n<meta property=\"og:type\" content=\"article\" \/>\n<meta property=\"og:title\" content=\"Tomatenhaken - JoroVerde\" \/>\n<meta property=\"og:description\" content=\"Tomatenhaken mit JoroTwine biologisch abbaubare Aufleitschnur f\u00fcr die Landwirtschaft von JoroVerdeTomatenhaken mit JoroTwine als Aufleitschnur... ...sind eine Rankhilfe, die beim Anbau der hochwachsenden Pflanzen eingesetzt werden. Die Aufleitschnur ist auf dem Haken aufgewickelt und unterst\u00fctzt das Wachstum. Durch diese Unterst\u00fctzung wird auch der Ertrag erh\u00f6ht, da der Pflanze die Last der schweren Fr\u00fcchte zum Gro\u00dfteil [&hellip;]\" \/>\n<meta property=\"og:url\" content=\"https:\/\/www.joroverde.com\/en\/tomatenhaken\/\" \/>\n<meta property=\"og:site_name\" content=\"JoroVerde\" \/>\n<meta property=\"article:modified_time\" content=\"2022-05-19T11:11:26+00:00\" \/>\n<meta name=\"twitter:card\" content=\"summary_large_image\" \/>\n<meta name=\"twitter:label1\" content=\"Estimated reading time\" \/>\n\t<meta name=\"twitter:data1\" content=\"2 minutes\" \/>\n<script type=\"application\/ld+json\" class=\"yoast-schema-graph\">{\"@context\":\"https:\/\/schema.org\",\"@graph\":[{\"@type\":\"WebPage\",\"@id\":\"https:\/\/www.joroverde.com\/tomatenhaken\/\",\"url\":\"https:\/\/www.joroverde.com\/tomatenhaken\/\",\"name\":\"Tomatenhaken - JoroVerde\",\"isPartOf\":{\"@id\":\"https:\/\/www.joroverde.com\/#website\"},\"datePublished\":\"2022-05-09T18:36:49+00:00\",\"dateModified\":\"2022-05-19T11:11:26+00:00\",\"breadcrumb\":{\"@id\":\"https:\/\/www.joroverde.com\/tomatenhaken\/#breadcrumb\"},\"inLanguage\":\"en-GB\",\"potentialAction\":[{\"@type\":\"ReadAction\",\"target\":[\"https:\/\/www.joroverde.com\/tomatenhaken\/\"]}]},{\"@type\":\"BreadcrumbList\",\"@id\":\"https:\/\/www.joroverde.com\/tomatenhaken\/#breadcrumb\",\"itemListElement\":[{\"@type\":\"ListItem\",\"position\":1,\"name\":\"Startseite\",\"item\":\"https:\/\/www.joroverde.com\/\"},{\"@type\":\"ListItem\",\"position\":2,\"name\":\"Tomatenhaken\"}]},{\"@type\":\"WebSite\",\"@id\":\"https:\/\/www.joroverde.com\/#website\",\"url\":\"https:\/\/www.joroverde.com\/\",\"name\":\"JoroVerde\",\"description\":\"\",\"publisher\":{\"@id\":\"https:\/\/www.joroverde.com\/#organization\"},\"potentialAction\":[{\"@type\":\"SearchAction\",\"target\":{\"@type\":\"EntryPoint\",\"urlTemplate\":\"https:\/\/www.joroverde.com\/?s={search_term_string}\"},\"query-input\":\"required name=search_term_string\"}],\"inLanguage\":\"en-GB\"},{\"@type\":\"Organization\",\"@id\":\"https:\/\/www.joroverde.com\/#organization\",\"name\":\"JoroVerde\",\"url\":\"https:\/\/www.joroverde.com\/\",\"logo\":{\"@type\":\"ImageObject\",\"inLanguage\":\"en-GB\",\"@id\":\"https:\/\/www.joroverde.com\/#\/schema\/logo\/image\/\",\"url\":\"https:\/\/www.joroverde.com\/wp-content\/uploads\/2019\/07\/JoRo_Logo_Schrift.png\",\"contentUrl\":\"https:\/\/www.joroverde.com\/wp-content\/uploads\/2019\/07\/JoRo_Logo_Schrift.png\",\"width\":572,\"height\":198,\"caption\":\"JoroVerde\"},\"image\":{\"@id\":\"https:\/\/www.joroverde.com\/#\/schema\/logo\/image\/\"}}]}<\/script>\n<!-- \/ Yoast SEO plugin. -->","yoast_head_json":{"title":"Tomatenhaken - JoroVerde","robots":{"index":"index","follow":"follow","max-snippet":"max-snippet:-1","max-image-preview":"max-image-preview:large","max-video-preview":"max-video-preview:-1"},"canonical":"https:\/\/www.joroverde.com\/en\/tomatenhaken\/","og_locale":"en_GB","og_type":"article","og_title":"Tomatenhaken - JoroVerde","og_description":"Tomatenhaken mit JoroTwine biologisch abbaubare Aufleitschnur f\u00fcr die Landwirtschaft von JoroVerdeTomatenhaken mit JoroTwine als Aufleitschnur... ...sind eine Rankhilfe, die beim Anbau der hochwachsenden Pflanzen eingesetzt werden. Die Aufleitschnur ist auf dem Haken aufgewickelt und unterst\u00fctzt das Wachstum. Durch diese Unterst\u00fctzung wird auch der Ertrag erh\u00f6ht, da der Pflanze die Last der schweren Fr\u00fcchte zum Gro\u00dfteil [&hellip;]","og_url":"https:\/\/www.joroverde.com\/en\/tomatenhaken\/","og_site_name":"JoroVerde","article_modified_time":"2022-05-19T11:11:26+00:00","twitter_card":"summary_large_image","twitter_misc":{"Estimated reading time":"2 minutes"},"schema":{"@context":"https:\/\/schema.org","@graph":[{"@type":"WebPage","@id":"https:\/\/www.joroverde.com\/tomatenhaken\/","url":"https:\/\/www.joroverde.com\/tomatenhaken\/","name":"Tomatenhaken - JoroVerde","isPartOf":{"@id":"https:\/\/www.joroverde.com\/#website"},"datePublished":"2022-05-09T18:36:49+00:00","dateModified":"2022-05-19T11:11:26+00:00","breadcrumb":{"@id":"https:\/\/www.joroverde.com\/tomatenhaken\/#breadcrumb"},"inLanguage":"en-GB","potentialAction":[{"@type":"ReadAction","target":["https:\/\/www.joroverde.com\/tomatenhaken\/"]}]},{"@type":"BreadcrumbList","@id":"https:\/\/www.joroverde.com\/tomatenhaken\/#breadcrumb","itemListElement":[{"@type":"ListItem","position":1,"name":"Startseite","item":"https:\/\/www.joroverde.com\/"},{"@type":"ListItem","position":2,"name":"Tomatenhaken"}]},{"@type":"WebSite","@id":"https:\/\/www.joroverde.com\/#website","url":"https:\/\/www.joroverde.com\/","name":"JoroVerde","description":"","publisher":{"@id":"https:\/\/www.joroverde.com\/#organization"},"potentialAction":[{"@type":"SearchAction","target":{"@type":"EntryPoint","urlTemplate":"https:\/\/www.joroverde.com\/?s={search_term_string}"},"query-input":"required name=search_term_string"}],"inLanguage":"en-GB"},{"@type":"Organization","@id":"https:\/\/www.joroverde.com\/#organization","name":"JoroVerde","url":"https:\/\/www.joroverde.com\/","logo":{"@type":"ImageObject","inLanguage":"en-GB","@id":"https:\/\/www.joroverde.com\/#\/schema\/logo\/image\/","url":"https:\/\/www.joroverde.com\/wp-content\/uploads\/2019\/07\/JoRo_Logo_Schrift.png","contentUrl":"https:\/\/www.joroverde.com\/wp-content\/uploads\/2019\/07\/JoRo_Logo_Schrift.png","width":572,"height":198,"caption":"JoroVerde"},"image":{"@id":"https:\/\/www.joroverde.com\/#\/schema\/logo\/image\/"}}]}},"_links":{"self":[{"href":"https:\/\/www.joroverde.com\/en\/wp-json\/wp\/v2\/pages\/2023","targetHints":{"allow":["GET"]}}],"collection":[{"href":"https:\/\/www.joroverde.com\/en\/wp-json\/wp\/v2\/pages"}],"about":[{"href":"https:\/\/www.joroverde.com\/en\/wp-json\/wp\/v2\/types\/page"}],"author":[{"embeddable":true,"href":"https:\/\/www.joroverde.com\/en\/wp-json\/wp\/v2\/users\/4"}],"replies":[{"embeddable":true,"href":"https:\/\/www.joroverde.com\/en\/wp-json\/wp\/v2\/comments?post=2023"}],"version-history":[{"count":5,"href":"https:\/\/www.joroverde.com\/en\/wp-json\/wp\/v2\/pages\/2023\/revisions"}],"predecessor-version":[{"id":2147,"href":"https:\/\/www.joroverde.com\/en\/wp-json\/wp\/v2\/pages\/2023\/revisions\/2147"}],"wp:attachment":[{"href":"https:\/\/www.joroverde.com\/en\/wp-json\/wp\/v2\/media?parent=2023"}],"curies":[{"name":"wp","href":"https:\/\/api.w.org\/{rel}","templated":true}]}}