{"id":2008,"date":"2022-05-09T20:26:22","date_gmt":"2022-05-09T18:26:22","guid":{"rendered":"https:\/\/www.joroverde.com\/?page_id=2008"},"modified":"2023-08-11T18:04:43","modified_gmt":"2023-08-11T16:04:43","slug":"joroverde","status":"publish","type":"page","link":"https:\/\/www.joroverde.com\/en\/","title":{"rendered":"JoroVerde"},"content":{"rendered":"<p>[et_pb_section fb_built=&#8220;1&#8243; _builder_version=&#8220;4.6.1&#8243; _module_preset=&#8220;default&#8220; background_image=&#8220;https:\/\/www.joroverde.com\/wp-content\/uploads\/2020\/03\/iStock-1132371208_Tomaten800x600.jpg&#8220; min_height=&#8220;409px&#8220;][et_pb_row _builder_version=&#8220;4.6.1&#8243; _module_preset=&#8220;default&#8220;][et_pb_column type=&#8220;4_4&#8243; _builder_version=&#8220;4.6.1&#8243; _module_preset=&#8220;default&#8220;][et_pb_text _builder_version=&#8220;4.6.1&#8243; _module_preset=&#8220;default&#8220; header_text_color=&#8220;#019541&#8243; header_font_size=&#8220;85px&#8220; header_2_text_color=&#8220;#019541&#8243; header_2_font_size=&#8220;48px&#8220; header_2_line_height=&#8220;1.8em&#8220; use_background_color_gradient=&#8220;on&#8220; background_color_gradient_start=&#8220;#ffffff&#8220; background_color_gradient_end=&#8220;rgba(1,149,65,0)&#8220; background_color_gradient_type=&#8220;radial&#8220;]<\/p>\n<h1 style=\"text-align: center;\"><strong>JoroVerde <\/strong><\/h1>\n<h2 style=\"text-align: center;\"><strong>biodegradable alternatives of cellulose<\/strong><\/h2>\n<p>[\/et_pb_text][\/et_pb_column][\/et_pb_row][\/et_pb_section][et_pb_section fb_built=&#8220;1&#8243; _builder_version=&#8220;4.6.1&#8243; _module_preset=&#8220;default&#8220;][et_pb_row _builder_version=&#8220;4.6.1&#8243; _module_preset=&#8220;default&#8220;][et_pb_column type=&#8220;4_4&#8243; _builder_version=&#8220;4.6.1&#8243; _module_preset=&#8220;default&#8220;][et_pb_text _builder_version=&#8220;4.6.1&#8243; _module_preset=&#8220;default&#8220; header_3_line_height=&#8220;1.5em&#8220; background_color=&#8220;rgba(0,0,0,0)&#8220; border_width_all=&#8220;5px&#8220; border_color_all=&#8220;#019541&#8243;]&nbsp;<\/p>\n<h2 style=\"text-align: center;\">What we do:<\/h2>\n<h3 style=\"text-align: center;\">Products for organic plant cultivation.<\/h3>\n<h3 style=\"text-align: center;\">100% cellulose fiber<\/h3>\n<h3 style=\"text-align: center;\">100% compostable<\/h3>\n<h3 style=\"text-align: center;\">T\u00dcV-Austria certified<\/h3>\n<h3 style=\"text-align: center;\">Therefore JoroVerde has an great impact on the environment.<\/h3>\n<p>&nbsp;<br \/>\n[\/et_pb_text][\/et_pb_column][\/et_pb_row][et_pb_row column_structure=&#8220;1_2,1_2&#8243; _builder_version=&#8220;4.6.1&#8243; _module_preset=&#8220;default&#8220;][et_pb_column type=&#8220;1_2&#8243; _builder_version=&#8220;4.6.1&#8243; _module_preset=&#8220;default&#8220;][et_pb_image src=&#8220;https:\/\/www.joroverde.com\/wp-content\/uploads\/2020\/02\/IMG_0949_Auberginen_Glashaus600x800.jpg&#8220; alt=&#8220;JoroVerde Auberginen&#8220; title_text=&#8220;JoroVerde Produkte&#8220; force_fullwidth=&#8220;on&#8220; _builder_version=&#8220;4.6.1&#8243; _module_preset=&#8220;default&#8220; background_color=&#8220;rgba(0,0,0,0)&#8220;][\/et_pb_image][et_pb_button button_url=&#8220;https:\/\/www.joroverde.com\/jorotwine&#8220; button_text=&#8220;JoroTwine&#8220; button_alignment=&#8220;center&#8220; _builder_version=&#8220;4.6.1&#8243; _module_preset=&#8220;default&#8220;][\/et_pb_button][\/et_pb_column][et_pb_column type=&#8220;1_2&#8243; _builder_version=&#8220;4.6.1&#8243; _module_preset=&#8220;default&#8220;][et_pb_image src=&#8220;https:\/\/www.joroverde.com\/wp-content\/uploads\/2020\/05\/iStock-911713706Tomaten800x600.jpg&#8220; title_text=&#8220;Tomaten der Sorte Ochsenherz im Garten&#8220; _builder_version=&#8220;4.6.1&#8243; _module_preset=&#8220;default&#8220;][\/et_pb_image][et_pb_button button_url=&#8220;https:\/\/www.joroverde.com\/tomatenhaken\/&#8220; button_text=&#8220;Tomatenhaken&#8220; button_alignment=&#8220;center&#8220; _builder_version=&#8220;4.6.1&#8243; _module_preset=&#8220;default&#8220;][\/et_pb_button][\/et_pb_column][\/et_pb_row][et_pb_row _builder_version=&#8220;4.6.1&#8243; _module_preset=&#8220;default&#8220;][et_pb_column type=&#8220;4_4&#8243; _builder_version=&#8220;4.6.1&#8243; _module_preset=&#8220;default&#8220;][et_pb_video src=&#8220;https:\/\/www.youtube.com\/watch?v=vcsxAHYIjqQ&#8220; _builder_version=&#8220;4.6.1&#8243; _module_preset=&#8220;default&#8220;][\/et_pb_video][\/et_pb_column][\/et_pb_row][\/et_pb_section]<\/p>","protected":false},"excerpt":{"rendered":"<p>JoroVerde biologisch abbaubare Alternativen aus Zellulose &nbsp; Was JoroVerde macht: Produkte, die unter anderem f\u00fcr den biologischen Pflanzenanbau hergestellt werden. 100 % aus Zellulose 100 % kompostierbar T\u00dcV-Austria zertifiziert JoroVerde leistet damit einen wichtigen Beitrag f\u00fcr die Umwelt. &nbsp;<\/p>","protected":false},"author":4,"featured_media":0,"parent":0,"menu_order":0,"comment_status":"closed","ping_status":"closed","template":"","meta":{"_et_pb_use_builder":"on","_et_pb_old_content":"","_et_gb_content_width":"","_exactmetrics_skip_tracking":false,"_exactmetrics_sitenote_active":false,"_exactmetrics_sitenote_note":"","_exactmetrics_sitenote_category":0,"footnotes":""},"class_list":["post-2008","page","type-page","status-publish","hentry"],"yoast_head":"<!-- This site is optimized with the Yoast SEO plugin v22.6 - https:\/\/yoast.com\/wordpress\/plugins\/seo\/ -->\n<title>JoroVerde - JoroVerde<\/title>\n<meta name=\"robots\" content=\"index, follow, max-snippet:-1, max-image-preview:large, max-video-preview:-1\" \/>\n<link rel=\"canonical\" href=\"https:\/\/www.joroverde.com\/en\/\" \/>\n<meta property=\"og:locale\" content=\"en_GB\" \/>\n<meta property=\"og:type\" content=\"article\" \/>\n<meta property=\"og:title\" content=\"JoroVerde - JoroVerde\" \/>\n<meta property=\"og:description\" content=\"JoroVerde biologisch abbaubare Alternativen aus Zellulose &nbsp; Was JoroVerde macht: Produkte, die unter anderem f\u00fcr den biologischen Pflanzenanbau hergestellt werden. 100 % aus Zellulose 100 % kompostierbar T\u00dcV-Austria zertifiziert JoroVerde leistet damit einen wichtigen Beitrag f\u00fcr die Umwelt. &nbsp;\" \/>\n<meta property=\"og:url\" content=\"https:\/\/www.joroverde.com\/en\/\" \/>\n<meta property=\"og:site_name\" content=\"JoroVerde\" \/>\n<meta property=\"article:modified_time\" content=\"2023-08-11T16:04:43+00:00\" \/>\n<meta name=\"twitter:card\" content=\"summary_large_image\" \/>\n<meta name=\"twitter:label1\" content=\"Estimated reading time\" \/>\n\t<meta name=\"twitter:data1\" content=\"2 minutes\" \/>\n<script type=\"application\/ld+json\" class=\"yoast-schema-graph\">{\"@context\":\"https:\/\/schema.org\",\"@graph\":[{\"@type\":\"WebPage\",\"@id\":\"https:\/\/www.joroverde.com\/\",\"url\":\"https:\/\/www.joroverde.com\/\",\"name\":\"JoroVerde - JoroVerde\",\"isPartOf\":{\"@id\":\"https:\/\/www.joroverde.com\/#website\"},\"datePublished\":\"2022-05-09T18:26:22+00:00\",\"dateModified\":\"2023-08-11T16:04:43+00:00\",\"breadcrumb\":{\"@id\":\"https:\/\/www.joroverde.com\/#breadcrumb\"},\"inLanguage\":\"en-GB\",\"potentialAction\":[{\"@type\":\"ReadAction\",\"target\":[\"https:\/\/www.joroverde.com\/\"]}]},{\"@type\":\"BreadcrumbList\",\"@id\":\"https:\/\/www.joroverde.com\/#breadcrumb\",\"itemListElement\":[{\"@type\":\"ListItem\",\"position\":1,\"name\":\"Startseite\",\"item\":\"https:\/\/www.joroverde.com\/\"},{\"@type\":\"ListItem\",\"position\":2,\"name\":\"JoroVerde\"}]},{\"@type\":\"WebSite\",\"@id\":\"https:\/\/www.joroverde.com\/#website\",\"url\":\"https:\/\/www.joroverde.com\/\",\"name\":\"JoroVerde\",\"description\":\"\",\"publisher\":{\"@id\":\"https:\/\/www.joroverde.com\/#organization\"},\"potentialAction\":[{\"@type\":\"SearchAction\",\"target\":{\"@type\":\"EntryPoint\",\"urlTemplate\":\"https:\/\/www.joroverde.com\/?s={search_term_string}\"},\"query-input\":\"required name=search_term_string\"}],\"inLanguage\":\"en-GB\"},{\"@type\":\"Organization\",\"@id\":\"https:\/\/www.joroverde.com\/#organization\",\"name\":\"JoroVerde\",\"url\":\"https:\/\/www.joroverde.com\/\",\"logo\":{\"@type\":\"ImageObject\",\"inLanguage\":\"en-GB\",\"@id\":\"https:\/\/www.joroverde.com\/#\/schema\/logo\/image\/\",\"url\":\"https:\/\/www.joroverde.com\/wp-content\/uploads\/2019\/07\/JoRo_Logo_Schrift.png\",\"contentUrl\":\"https:\/\/www.joroverde.com\/wp-content\/uploads\/2019\/07\/JoRo_Logo_Schrift.png\",\"width\":572,\"height\":198,\"caption\":\"JoroVerde\"},\"image\":{\"@id\":\"https:\/\/www.joroverde.com\/#\/schema\/logo\/image\/\"}}]}<\/script>\n<!-- \/ Yoast SEO plugin. -->","yoast_head_json":{"title":"JoroVerde - JoroVerde","robots":{"index":"index","follow":"follow","max-snippet":"max-snippet:-1","max-image-preview":"max-image-preview:large","max-video-preview":"max-video-preview:-1"},"canonical":"https:\/\/www.joroverde.com\/en\/","og_locale":"en_GB","og_type":"article","og_title":"JoroVerde - JoroVerde","og_description":"JoroVerde biologisch abbaubare Alternativen aus Zellulose &nbsp; Was JoroVerde macht: Produkte, die unter anderem f\u00fcr den biologischen Pflanzenanbau hergestellt werden. 100 % aus Zellulose 100 % kompostierbar T\u00dcV-Austria zertifiziert JoroVerde leistet damit einen wichtigen Beitrag f\u00fcr die Umwelt. &nbsp;","og_url":"https:\/\/www.joroverde.com\/en\/","og_site_name":"JoroVerde","article_modified_time":"2023-08-11T16:04:43+00:00","twitter_card":"summary_large_image","twitter_misc":{"Estimated reading time":"2 minutes"},"schema":{"@context":"https:\/\/schema.org","@graph":[{"@type":"WebPage","@id":"https:\/\/www.joroverde.com\/","url":"https:\/\/www.joroverde.com\/","name":"JoroVerde - JoroVerde","isPartOf":{"@id":"https:\/\/www.joroverde.com\/#website"},"datePublished":"2022-05-09T18:26:22+00:00","dateModified":"2023-08-11T16:04:43+00:00","breadcrumb":{"@id":"https:\/\/www.joroverde.com\/#breadcrumb"},"inLanguage":"en-GB","potentialAction":[{"@type":"ReadAction","target":["https:\/\/www.joroverde.com\/"]}]},{"@type":"BreadcrumbList","@id":"https:\/\/www.joroverde.com\/#breadcrumb","itemListElement":[{"@type":"ListItem","position":1,"name":"Startseite","item":"https:\/\/www.joroverde.com\/"},{"@type":"ListItem","position":2,"name":"JoroVerde"}]},{"@type":"WebSite","@id":"https:\/\/www.joroverde.com\/#website","url":"https:\/\/www.joroverde.com\/","name":"JoroVerde","description":"","publisher":{"@id":"https:\/\/www.joroverde.com\/#organization"},"potentialAction":[{"@type":"SearchAction","target":{"@type":"EntryPoint","urlTemplate":"https:\/\/www.joroverde.com\/?s={search_term_string}"},"query-input":"required name=search_term_string"}],"inLanguage":"en-GB"},{"@type":"Organization","@id":"https:\/\/www.joroverde.com\/#organization","name":"JoroVerde","url":"https:\/\/www.joroverde.com\/","logo":{"@type":"ImageObject","inLanguage":"en-GB","@id":"https:\/\/www.joroverde.com\/#\/schema\/logo\/image\/","url":"https:\/\/www.joroverde.com\/wp-content\/uploads\/2019\/07\/JoRo_Logo_Schrift.png","contentUrl":"https:\/\/www.joroverde.com\/wp-content\/uploads\/2019\/07\/JoRo_Logo_Schrift.png","width":572,"height":198,"caption":"JoroVerde"},"image":{"@id":"https:\/\/www.joroverde.com\/#\/schema\/logo\/image\/"}}]}},"_links":{"self":[{"href":"https:\/\/www.joroverde.com\/en\/wp-json\/wp\/v2\/pages\/2008","targetHints":{"allow":["GET"]}}],"collection":[{"href":"https:\/\/www.joroverde.com\/en\/wp-json\/wp\/v2\/pages"}],"about":[{"href":"https:\/\/www.joroverde.com\/en\/wp-json\/wp\/v2\/types\/page"}],"author":[{"embeddable":true,"href":"https:\/\/www.joroverde.com\/en\/wp-json\/wp\/v2\/users\/4"}],"replies":[{"embeddable":true,"href":"https:\/\/www.joroverde.com\/en\/wp-json\/wp\/v2\/comments?post=2008"}],"version-history":[{"count":5,"href":"https:\/\/www.joroverde.com\/en\/wp-json\/wp\/v2\/pages\/2008\/revisions"}],"predecessor-version":[{"id":2232,"href":"https:\/\/www.joroverde.com\/en\/wp-json\/wp\/v2\/pages\/2008\/revisions\/2232"}],"wp:attachment":[{"href":"https:\/\/www.joroverde.com\/en\/wp-json\/wp\/v2\/media?parent=2008"}],"curies":[{"name":"wp","href":"https:\/\/api.w.org\/{rel}","templated":true}]}}