{"id":1214,"date":"2019-07-22T16:45:23","date_gmt":"2019-07-22T14:45:23","guid":{"rendered":"https:\/\/www.joroverde.com\/spezifikationen\/"},"modified":"2024-01-11T08:34:24","modified_gmt":"2024-01-11T07:34:24","slug":"spezifikationen","status":"publish","type":"page","link":"https:\/\/www.joroverde.com\/en\/spezifikationen\/","title":{"rendered":"Specifications"},"content":{"rendered":"<p>[et_pb_section fb_built=&#8220;1&#8243; fullwidth=&#8220;on&#8220; _builder_version=&#8220;3.22&#8243;][et_pb_fullwidth_header title=&#8220;JoroVerde&#8220; subhead=&#8220;Biodegradable twine for agriculture&#8220; _builder_version=&#8220;3.26.7&#8243; background_color=&#8220;#0F9F4E&#8220;][\/et_pb_fullwidth_header][\/et_pb_section][et_pb_section fb_built=&#8220;1&#8243; _builder_version=&#8220;3.22&#8243; custom_padding=&#8220;||28px|||&#8220;][et_pb_row _builder_version=&#8220;3.25&#8243;][et_pb_column type=&#8220;4_4&#8243; _builder_version=&#8220;3.25&#8243; custom_padding=&#8220;|||&#8220; custom_padding__hover=&#8220;|||&#8220;][et_pb_text _builder_version=&#8220;4.4.2&#8243;]<\/p>\n<p>JoroTwine besteht aus zu 100% aus LENZING (TM) Lyocell Zellulosefasern, Diese sind botanischen Ursprungs und werden aus Holzzellstoff gewonnen, ein Baustein des nachwachsenden nat\u00fcrlichen Rohstoffes Holz. Zellulose kann am Ende des Lebenszyklus wieder in den nat\u00fcrlichen biologischen Kreislauf eingebunden werden.<\/p>\n<p>JoroTwine ist very important for the recycling economy. It consists 100% of natural resource, which is compostable and biodegradable. It can be used for agricultur under normal soil as well as marine conditions and also for hobby gardeners.<\/p>\n<p>JoroTwine is the responsible choise to synthetic material.<\/p>\n<p>[\/et_pb_text][\/et_pb_column][\/et_pb_row][\/et_pb_section][et_pb_section fb_built=&#8220;1&#8243; _builder_version=&#8220;4.4.2&#8243; custom_padding=&#8220;0px||||false|false&#8220;][et_pb_row _builder_version=&#8220;4.4.2&#8243;][et_pb_column type=&#8220;4_4&#8243; _builder_version=&#8220;4.4.2&#8243;][et_pb_text _builder_version=&#8220;4.4.2&#8243;]<\/p>\n<h2>Datenbl\u00e4tter<\/h2>\n<p>[\/et_pb_text][\/et_pb_column][\/et_pb_row][et_pb_row column_structure=&#8220;2_5,3_5&#8243; _builder_version=&#8220;3.25&#8243; custom_padding=&#8220;0|0px|27px|0px|false|false&#8220;][et_pb_column type=&#8220;2_5&#8243; _builder_version=&#8220;3.25&#8243; custom_padding=&#8220;|||&#8220; custom_padding__hover=&#8220;|||&#8220;][et_pb_image src=&#8220;https:\/\/www.joroverde.com\/wp-content\/uploads\/2020\/03\/pdf-icon-Kopie.png&#8220; url=&#8220;https:\/\/www.joroverde.com\/wp-content\/uploads\/2020\/05\/350N_Schnurspezifikation_englisch.pdf&#8220; url_new_window=&#8220;on&#8220; align_tablet=&#8220;center&#8220; align_phone=&#8220;&#8220; align_last_edited=&#8220;on|desktop&#8220; _builder_version=&#8220;4.4.6&#8243;][\/et_pb_image][et_pb_text _builder_version=&#8220;3.27.4&#8243;]<\/p>\n<h3>Datenblatt 350 N Aufleitschnur<\/h3>\n<p>[\/et_pb_text][\/et_pb_column][et_pb_column type=&#8220;3_5&#8243; _builder_version=&#8220;3.25&#8243; custom_padding=&#8220;|||&#8220; custom_padding__hover=&#8220;|||&#8220;][\/et_pb_column][\/et_pb_row][\/et_pb_section][et_pb_section fb_built=&#8220;1&#8243; _builder_version=&#8220;3.22&#8243; background_color=&#8220;#0F9F4E&#8220; global_module=&#8220;1883&#8243; saved_tabs=&#8220;all&#8220;][et_pb_row _builder_version=&#8220;3.25&#8243;][et_pb_column type=&#8220;4_4&#8243; _builder_version=&#8220;3.25&#8243; custom_padding=&#8220;|||&#8220; custom_padding__hover=&#8220;|||&#8220;][et_pb_text _builder_version=&#8220;3.27.4&#8243; text_font=&#8220;||||||||&#8220; text_text_color=&#8220;#ffffff&#8220; text_font_size=&#8220;29px&#8220; text_line_height=&#8220;1.9em&#8220; text_orientation=&#8220;center&#8220; background_layout=&#8220;dark&#8220;]<\/p>\n<p class=\"p1\">Arrange a non-binding consultancy-appointment!<\/p>\n<p>[\/et_pb_text][et_pb_contact_form captcha=&#8220;off&#8220; email=&#8220;office@joroverde.com&#8220; custom_message=&#8220;%%name%%||et_pb_line_break_holder||%%email%%||et_pb_line_break_holder||||et_pb_line_break_holder||%%message%%||et_pb_line_break_holder||||et_pb_line_break_holder||%%consultation%%&#8220; success_message=&#8220;Thank you for your message. We will contact you as soon as possible. &#8220; submit_button_text=&#8220;Send&#8220; _builder_version=&#8220;4.6.1&#8243; custom_button=&#8220;on&#8220; button_text_color=&#8220;#ffffff&#8220; button_border_width=&#8220;2px&#8220; button_border_color=&#8220;#ffffff&#8220; button_border_radius=&#8220;2px&#8220; button_font=&#8220;|700|||||||&#8220; button_use_icon=&#8220;off&#8220; button_bg_color__hover_enabled=&#8220;on&#8220; button_border_color__hover_enabled=&#8220;on&#8220; button_border_color__hover=&#8220;#ffffff&#8220;][et_pb_contact_field field_id=&#8220;name&#8220; field_title=&#8220;Name&#8220; _builder_version=&#8220;4.4.6&#8243; button_text_size__hover_enabled=&#8220;off&#8220; button_one_text_size__hover_enabled=&#8220;off&#8220; button_two_text_size__hover_enabled=&#8220;off&#8220; button_text_color__hover_enabled=&#8220;off&#8220; button_one_text_color__hover_enabled=&#8220;off&#8220; button_two_text_color__hover_enabled=&#8220;off&#8220; button_border_width__hover_enabled=&#8220;off&#8220; button_one_border_width__hover_enabled=&#8220;off&#8220; button_two_border_width__hover_enabled=&#8220;off&#8220; button_border_color__hover_enabled=&#8220;off&#8220; button_one_border_color__hover_enabled=&#8220;off&#8220; button_two_border_color__hover_enabled=&#8220;off&#8220; button_border_radius__hover_enabled=&#8220;off&#8220; button_one_border_radius__hover_enabled=&#8220;off&#8220; button_two_border_radius__hover_enabled=&#8220;off&#8220; button_letter_spacing__hover_enabled=&#8220;off&#8220; button_one_letter_spacing__hover_enabled=&#8220;off&#8220; button_two_letter_spacing__hover_enabled=&#8220;off&#8220; button_bg_color__hover_enabled=&#8220;off&#8220; button_one_bg_color__hover_enabled=&#8220;off&#8220; button_two_bg_color__hover_enabled=&#8220;off&#8220;][\/et_pb_contact_field][et_pb_contact_field field_id=&#8220;email&#8220; field_title=&#8220;Email&#8220; field_type=&#8220;email&#8220; _builder_version=&#8220;4.6.1&#8243; button_text_size__hover_enabled=&#8220;off&#8220; button_one_text_size__hover_enabled=&#8220;off&#8220; button_two_text_size__hover_enabled=&#8220;off&#8220; button_text_color__hover_enabled=&#8220;off&#8220; button_one_text_color__hover_enabled=&#8220;off&#8220; button_two_text_color__hover_enabled=&#8220;off&#8220; button_border_width__hover_enabled=&#8220;off&#8220; button_one_border_width__hover_enabled=&#8220;off&#8220; button_two_border_width__hover_enabled=&#8220;off&#8220; button_border_color__hover_enabled=&#8220;off&#8220; button_one_border_color__hover_enabled=&#8220;off&#8220; button_two_border_color__hover_enabled=&#8220;off&#8220; button_border_radius__hover_enabled=&#8220;off&#8220; button_one_border_radius__hover_enabled=&#8220;off&#8220; button_two_border_radius__hover_enabled=&#8220;off&#8220; button_letter_spacing__hover_enabled=&#8220;off&#8220; button_one_letter_spacing__hover_enabled=&#8220;off&#8220; button_two_letter_spacing__hover_enabled=&#8220;off&#8220; button_bg_color__hover_enabled=&#8220;off&#8220; button_one_bg_color__hover_enabled=&#8220;off&#8220; button_two_bg_color__hover_enabled=&#8220;off&#8220;][\/et_pb_contact_field][et_pb_contact_field field_id=&#8220;message&#8220; field_title=&#8220;Message&#8220; field_type=&#8220;text&#8220; fullwidth_field=&#8220;on&#8220; _builder_version=&#8220;4.4.6&#8243; button_text_size__hover_enabled=&#8220;off&#8220; button_one_text_size__hover_enabled=&#8220;off&#8220; button_two_text_size__hover_enabled=&#8220;off&#8220; button_text_color__hover_enabled=&#8220;off&#8220; button_one_text_color__hover_enabled=&#8220;off&#8220; button_two_text_color__hover_enabled=&#8220;off&#8220; button_border_width__hover_enabled=&#8220;off&#8220; button_one_border_width__hover_enabled=&#8220;off&#8220; button_two_border_width__hover_enabled=&#8220;off&#8220; button_border_color__hover_enabled=&#8220;off&#8220; button_one_border_color__hover_enabled=&#8220;off&#8220; button_two_border_color__hover_enabled=&#8220;off&#8220; button_border_radius__hover_enabled=&#8220;off&#8220; button_one_border_radius__hover_enabled=&#8220;off&#8220; button_two_border_radius__hover_enabled=&#8220;off&#8220; button_letter_spacing__hover_enabled=&#8220;off&#8220; button_one_letter_spacing__hover_enabled=&#8220;off&#8220; button_two_letter_spacing__hover_enabled=&#8220;off&#8220; button_bg_color__hover_enabled=&#8220;off&#8220; button_one_bg_color__hover_enabled=&#8220;off&#8220; button_two_bg_color__hover_enabled=&#8220;off&#8220;][\/et_pb_contact_field][et_pb_contact_field field_id=&#8220;consultation&#8220; field_title=&#8220;Ich w\u00fcnsche eine Beratung&#8220; field_type=&#8220;checkbox&#8220; checkbox_options=&#8220;%91{%22value%22:%22I am interested in a consultation.%22,%22checked%22:0,%22dragID%22:-1}%93&#8243; required_mark=&#8220;off&#8220; fullwidth_field=&#8220;on&#8220; _builder_version=&#8220;4.4.6&#8243;][\/et_pb_contact_field][\/et_pb_contact_form][\/et_pb_column][\/et_pb_row][\/et_pb_section]<\/p>","protected":false},"excerpt":{"rendered":"<p>JoroTwine besteht aus zu 100% aus LENZING (TM) Lyocell Zellulosefasern, Diese sind botanischen Ursprungs und werden aus Holzzellstoff gewonnen, ein Baustein des nachwachsenden nat\u00fcrlichen Rohstoffes Holz. Zellulose kann am Ende des Lebenszyklus wieder in den nat\u00fcrlichen biologischen Kreislauf eingebunden werden. JoroTwine ist daher f\u00fcr eine Kreislaufwirtschaft bestens geeignet, da sie zu 100% aus nat\u00fcrlichem Rohstoff [&hellip;]<\/p>","protected":false},"author":2,"featured_media":0,"parent":0,"menu_order":0,"comment_status":"closed","ping_status":"closed","template":"","meta":{"_et_pb_use_builder":"on","_et_pb_old_content":"","_et_gb_content_width":"","_exactmetrics_skip_tracking":false,"_exactmetrics_sitenote_active":false,"_exactmetrics_sitenote_note":"","_exactmetrics_sitenote_category":0,"footnotes":""},"class_list":["post-1214","page","type-page","status-publish","hentry"],"yoast_head":"<!-- This site is optimized with the Yoast SEO plugin v22.6 - https:\/\/yoast.com\/wordpress\/plugins\/seo\/ -->\n<title>Specifications - JoroVerde<\/title>\n<meta name=\"robots\" content=\"index, follow, max-snippet:-1, max-image-preview:large, max-video-preview:-1\" \/>\n<link rel=\"canonical\" href=\"https:\/\/www.joroverde.com\/en\/spezifikationen\/\" \/>\n<meta property=\"og:locale\" content=\"en_GB\" \/>\n<meta property=\"og:type\" content=\"article\" \/>\n<meta property=\"og:title\" content=\"Specifications - JoroVerde\" \/>\n<meta property=\"og:description\" content=\"JoroTwine besteht aus zu 100% aus LENZING (TM) Lyocell Zellulosefasern, Diese sind botanischen Ursprungs und werden aus Holzzellstoff gewonnen, ein Baustein des nachwachsenden nat\u00fcrlichen Rohstoffes Holz. Zellulose kann am Ende des Lebenszyklus wieder in den nat\u00fcrlichen biologischen Kreislauf eingebunden werden. JoroTwine ist daher f\u00fcr eine Kreislaufwirtschaft bestens geeignet, da sie zu 100% aus nat\u00fcrlichem Rohstoff [&hellip;]\" \/>\n<meta property=\"og:url\" content=\"https:\/\/www.joroverde.com\/en\/spezifikationen\/\" \/>\n<meta property=\"og:site_name\" content=\"JoroVerde\" \/>\n<meta property=\"article:modified_time\" content=\"2024-01-11T07:34:24+00:00\" \/>\n<meta name=\"twitter:card\" content=\"summary_large_image\" \/>\n<meta name=\"twitter:label1\" content=\"Estimated reading time\" \/>\n\t<meta name=\"twitter:data1\" content=\"1 minute\" \/>\n<script type=\"application\/ld+json\" class=\"yoast-schema-graph\">{\"@context\":\"https:\/\/schema.org\",\"@graph\":[{\"@type\":\"WebPage\",\"@id\":\"https:\/\/www.joroverde.com\/spezifikationen\/\",\"url\":\"https:\/\/www.joroverde.com\/spezifikationen\/\",\"name\":\"Specifications - JoroVerde\",\"isPartOf\":{\"@id\":\"https:\/\/www.joroverde.com\/#website\"},\"datePublished\":\"2019-07-22T14:45:23+00:00\",\"dateModified\":\"2024-01-11T07:34:24+00:00\",\"breadcrumb\":{\"@id\":\"https:\/\/www.joroverde.com\/spezifikationen\/#breadcrumb\"},\"inLanguage\":\"en-GB\",\"potentialAction\":[{\"@type\":\"ReadAction\",\"target\":[\"https:\/\/www.joroverde.com\/spezifikationen\/\"]}]},{\"@type\":\"BreadcrumbList\",\"@id\":\"https:\/\/www.joroverde.com\/spezifikationen\/#breadcrumb\",\"itemListElement\":[{\"@type\":\"ListItem\",\"position\":1,\"name\":\"Startseite\",\"item\":\"https:\/\/www.joroverde.com\/\"},{\"@type\":\"ListItem\",\"position\":2,\"name\":\"Specifications\"}]},{\"@type\":\"WebSite\",\"@id\":\"https:\/\/www.joroverde.com\/#website\",\"url\":\"https:\/\/www.joroverde.com\/\",\"name\":\"JoroVerde\",\"description\":\"\",\"publisher\":{\"@id\":\"https:\/\/www.joroverde.com\/#organization\"},\"potentialAction\":[{\"@type\":\"SearchAction\",\"target\":{\"@type\":\"EntryPoint\",\"urlTemplate\":\"https:\/\/www.joroverde.com\/?s={search_term_string}\"},\"query-input\":\"required name=search_term_string\"}],\"inLanguage\":\"en-GB\"},{\"@type\":\"Organization\",\"@id\":\"https:\/\/www.joroverde.com\/#organization\",\"name\":\"JoroVerde\",\"url\":\"https:\/\/www.joroverde.com\/\",\"logo\":{\"@type\":\"ImageObject\",\"inLanguage\":\"en-GB\",\"@id\":\"https:\/\/www.joroverde.com\/#\/schema\/logo\/image\/\",\"url\":\"https:\/\/www.joroverde.com\/wp-content\/uploads\/2019\/07\/JoRo_Logo_Schrift.png\",\"contentUrl\":\"https:\/\/www.joroverde.com\/wp-content\/uploads\/2019\/07\/JoRo_Logo_Schrift.png\",\"width\":572,\"height\":198,\"caption\":\"JoroVerde\"},\"image\":{\"@id\":\"https:\/\/www.joroverde.com\/#\/schema\/logo\/image\/\"}}]}<\/script>\n<!-- \/ Yoast SEO plugin. -->","yoast_head_json":{"title":"Specifications - JoroVerde","robots":{"index":"index","follow":"follow","max-snippet":"max-snippet:-1","max-image-preview":"max-image-preview:large","max-video-preview":"max-video-preview:-1"},"canonical":"https:\/\/www.joroverde.com\/en\/spezifikationen\/","og_locale":"en_GB","og_type":"article","og_title":"Specifications - JoroVerde","og_description":"JoroTwine besteht aus zu 100% aus LENZING (TM) Lyocell Zellulosefasern, Diese sind botanischen Ursprungs und werden aus Holzzellstoff gewonnen, ein Baustein des nachwachsenden nat\u00fcrlichen Rohstoffes Holz. Zellulose kann am Ende des Lebenszyklus wieder in den nat\u00fcrlichen biologischen Kreislauf eingebunden werden. JoroTwine ist daher f\u00fcr eine Kreislaufwirtschaft bestens geeignet, da sie zu 100% aus nat\u00fcrlichem Rohstoff [&hellip;]","og_url":"https:\/\/www.joroverde.com\/en\/spezifikationen\/","og_site_name":"JoroVerde","article_modified_time":"2024-01-11T07:34:24+00:00","twitter_card":"summary_large_image","twitter_misc":{"Estimated reading time":"1 minute"},"schema":{"@context":"https:\/\/schema.org","@graph":[{"@type":"WebPage","@id":"https:\/\/www.joroverde.com\/spezifikationen\/","url":"https:\/\/www.joroverde.com\/spezifikationen\/","name":"Specifications - JoroVerde","isPartOf":{"@id":"https:\/\/www.joroverde.com\/#website"},"datePublished":"2019-07-22T14:45:23+00:00","dateModified":"2024-01-11T07:34:24+00:00","breadcrumb":{"@id":"https:\/\/www.joroverde.com\/spezifikationen\/#breadcrumb"},"inLanguage":"en-GB","potentialAction":[{"@type":"ReadAction","target":["https:\/\/www.joroverde.com\/spezifikationen\/"]}]},{"@type":"BreadcrumbList","@id":"https:\/\/www.joroverde.com\/spezifikationen\/#breadcrumb","itemListElement":[{"@type":"ListItem","position":1,"name":"Startseite","item":"https:\/\/www.joroverde.com\/"},{"@type":"ListItem","position":2,"name":"Specifications"}]},{"@type":"WebSite","@id":"https:\/\/www.joroverde.com\/#website","url":"https:\/\/www.joroverde.com\/","name":"JoroVerde","description":"","publisher":{"@id":"https:\/\/www.joroverde.com\/#organization"},"potentialAction":[{"@type":"SearchAction","target":{"@type":"EntryPoint","urlTemplate":"https:\/\/www.joroverde.com\/?s={search_term_string}"},"query-input":"required name=search_term_string"}],"inLanguage":"en-GB"},{"@type":"Organization","@id":"https:\/\/www.joroverde.com\/#organization","name":"JoroVerde","url":"https:\/\/www.joroverde.com\/","logo":{"@type":"ImageObject","inLanguage":"en-GB","@id":"https:\/\/www.joroverde.com\/#\/schema\/logo\/image\/","url":"https:\/\/www.joroverde.com\/wp-content\/uploads\/2019\/07\/JoRo_Logo_Schrift.png","contentUrl":"https:\/\/www.joroverde.com\/wp-content\/uploads\/2019\/07\/JoRo_Logo_Schrift.png","width":572,"height":198,"caption":"JoroVerde"},"image":{"@id":"https:\/\/www.joroverde.com\/#\/schema\/logo\/image\/"}}]}},"_links":{"self":[{"href":"https:\/\/www.joroverde.com\/en\/wp-json\/wp\/v2\/pages\/1214","targetHints":{"allow":["GET"]}}],"collection":[{"href":"https:\/\/www.joroverde.com\/en\/wp-json\/wp\/v2\/pages"}],"about":[{"href":"https:\/\/www.joroverde.com\/en\/wp-json\/wp\/v2\/types\/page"}],"author":[{"embeddable":true,"href":"https:\/\/www.joroverde.com\/en\/wp-json\/wp\/v2\/users\/2"}],"replies":[{"embeddable":true,"href":"https:\/\/www.joroverde.com\/en\/wp-json\/wp\/v2\/comments?post=1214"}],"version-history":[{"count":2,"href":"https:\/\/www.joroverde.com\/en\/wp-json\/wp\/v2\/pages\/1214\/revisions"}],"predecessor-version":[{"id":1892,"href":"https:\/\/www.joroverde.com\/en\/wp-json\/wp\/v2\/pages\/1214\/revisions\/1892"}],"wp:attachment":[{"href":"https:\/\/www.joroverde.com\/en\/wp-json\/wp\/v2\/media?parent=1214"}],"curies":[{"name":"wp","href":"https:\/\/api.w.org\/{rel}","templated":true}]}}